{"id":932,"date":"2023-07-13T15:11:49","date_gmt":"2023-07-13T13:11:49","guid":{"rendered":"https:\/\/cdui00.afpa-balma.fr\/wordpress\/?page_id=932"},"modified":"2023-07-17T16:26:32","modified_gmt":"2023-07-17T14:26:32","slug":"membre","status":"publish","type":"page","link":"https:\/\/cdui00.afpa-balma.fr\/portfolio-CDUI\/membre\/","title":{"rendered":"Espace membre"},"content":{"rendered":"\n<p>Vous \u00eates <strong>Concepteur Designer UI<\/strong> ou vous souhaitez le devenir ? Ce site propose des contenus sp\u00e9ciaux pour la communaut\u00e9 CDUI, devenez membre ou connectez-vous !<\/p>\n\n\n\n<div class=\"wp-block-columns is-layout-flex wp-container-core-columns-is-layout-28f84493 wp-block-columns-is-layout-flex\">\n<div class=\"wp-block-column is-layout-flow wp-block-column-is-layout-flow\" style=\"border-width:1px;padding-top:var(--wp--preset--spacing--60);padding-right:var(--wp--preset--spacing--60);padding-bottom:var(--wp--preset--spacing--60);padding-left:var(--wp--preset--spacing--60)\">\n<h2 class=\"wp-block-heading\">Se connecter<\/h2>\n\n\n\n<p class=\"has-text-align-left\"><strong>Je suis d\u00e9j\u00e0 membre :<\/strong><\/p>\n\n\n<div class=\"wppb-block-container\"><div id=\"wppb-login-wrap\" class=\"wppb-user-forms\">\n\t\t<form name=\"wppb-loginform\" id=\"wppb-loginform\" action=\"https:\/\/cdui00.afpa-balma.fr\/portfolio-CDUI\/wp-json\/wp\/v2\/pages\/932\" method=\"post\">\n\t\t\t\n\t\t\t<p class=\"wppb-form-field login-username\">\n\t\t\t\t<label for=\"user_login\">Pseudo ou Email<\/label>\n\t\t\t\t<input type=\"text\" name=\"log\" id=\"user_login\" class=\"input\" value=\"\" size=\"20\" \/>\n\t\t\t<\/p>\n\t\t\t<p class=\"wppb-form-field login-password\">\n\t\t\t\t<label for=\"user_pass\">Mot de passe<\/label>\n\t\t\t\t<input type=\"password\" name=\"pwd\" id=\"user_pass\" class=\"input\" value=\"\" size=\"20\" \/>\n\t\t\t<\/p>\n\t\t\t\n\t\t\t<p class=\"wppb-form-field login-remember\"><input name=\"rememberme\" type=\"checkbox\" id=\"rememberme\" value=\"forever\" \/><label for=\"rememberme\">Remember Me<\/label><\/p>\n\t\t\t<p class=\"login-submit\">\n\t\t\t\t<input type=\"submit\" name=\"wp-submit\" id=\"wppb-submit\" class=\"button button-primary\" value=\"Log In\" \/>\n\t\t\t\t<input type=\"hidden\" name=\"redirect_to\" value=\"https:\/\/cdui00.afpa-balma.fr\/portfolio-CDUI\/wp-json\/wp\/v2\/pages\/932\" \/>\n\t\t\t<\/p>\n\t\t\t<input type=\"hidden\" name=\"wppb_login\" value=\"true\"\/>\n\t\t\t<input type=\"hidden\" name=\"wppb_form_location\" value=\"widget\"\/>\n\t\t\t<input type=\"hidden\" name=\"wppb_request_url\" value=\"https:\/\/cdui00.afpa-balma.fr\/portfolio-CDUI\/wp-json\/wp\/v2\/pages\/932\"\/>\n\t\t\t<input type=\"hidden\" name=\"wppb_lostpassword_url\" value=\"\"\/>\n\t\t\t<input type=\"hidden\" name=\"wppb_redirect_priority\" value=\"\"\/>\n\t\t\t<input type=\"hidden\" name=\"wppb_referer_url\" value=\"\"\/>\n\t\t\t<input type=\"hidden\" id=\"CSRFToken-wppb\" name=\"CSRFToken-wppb\" value=\"2c7e22492b\" \/><input type=\"hidden\" name=\"_wp_http_referer\" value=\"\/portfolio-CDUI\/wp-json\/wp\/v2\/pages\/932\" \/>\n\t\t\t<input type=\"hidden\" name=\"wppb_redirect_check\" value=\"true\"\/>\n\t\t\t\n\t\t<\/form><script>if ( document.getElementById(\"rememberme\") ) document.getElementById(\"rememberme\").checked = true;<\/script><\/div><\/div><\/div>\n\n\n\n<div class=\"wp-block-column is-layout-flow wp-block-column-is-layout-flow\" style=\"border-width:1px;padding-top:var(--wp--preset--spacing--60);padding-right:var(--wp--preset--spacing--60);padding-bottom:var(--wp--preset--spacing--60);padding-left:var(--wp--preset--spacing--60)\">\n<h2 class=\"wp-block-heading\">Devenir membre<\/h2>\n\n\n\n<p class=\"has-text-align-left\">Rejoignez la communaut\u00e9 en devenant membre de ce site \ud83d\ude42<\/p>\n\n\n\n<div class=\"wp-block-buttons btn1 is-content-justification-left is-layout-flex wp-container-core-buttons-is-layout-fc4fd283 wp-block-buttons-is-layout-flex\">\n<div class=\"wp-block-button\"><a class=\"wp-block-button__link wp-element-button\" href=\"\/portfolio-CDUI\/membre\/inscription\/\">Inscription<\/a><\/div>\n<\/div>\n<\/div>\n<\/div>\n","protected":false},"excerpt":{"rendered":"<p>Vous \u00eates Concepteur Designer UI ou vous souhaitez le devenir ? Ce site propose des contenus sp\u00e9ciaux pour la communaut\u00e9 CDUI, devenez membre ou connectez-vous ! Se connecter Je suis d\u00e9j\u00e0 membre : Devenir membre Rejoignez la communaut\u00e9 en devenant membre de ce site \ud83d\ude42<\/p>\n","protected":false},"author":1,"featured_media":0,"parent":0,"menu_order":0,"comment_status":"closed","ping_status":"closed","template":"page-templates\/pagebuilder.php","meta":{"inline_featured_image":false,"_vp_format_video_url":"","_vp_image_focal_point":[],"footnotes":""},"class_list":["post-932","page","type-page","status-publish","hentry"],"yoast_head":"<!-- This site is optimized with the Yoast SEO plugin v21.0 - https:\/\/yoast.com\/wordpress\/plugins\/seo\/ -->\n<title>Espace membre - Formation CDUI<\/title>\n<meta name=\"robots\" content=\"index, follow, max-snippet:-1, max-image-preview:large, max-video-preview:-1\" \/>\n<link rel=\"canonical\" href=\"https:\/\/cdui00.afpa-balma.fr\/portfolio-CDUI\/membre\/\" \/>\n<meta property=\"og:locale\" content=\"fr_FR\" \/>\n<meta property=\"og:type\" content=\"article\" \/>\n<meta property=\"og:title\" content=\"Espace membre - Formation CDUI\" \/>\n<meta property=\"og:description\" content=\"Vous \u00eates Concepteur Designer UI ou vous souhaitez le devenir ? Ce site propose des contenus sp\u00e9ciaux pour la communaut\u00e9 CDUI, devenez membre ou connectez-vous ! Se connecter Je suis d\u00e9j\u00e0 membre : Devenir membre Rejoignez la communaut\u00e9 en devenant membre de ce site \ud83d\ude42\" \/>\n<meta property=\"og:url\" content=\"https:\/\/cdui00.afpa-balma.fr\/portfolio-CDUI\/membre\/\" \/>\n<meta property=\"og:site_name\" content=\"Formation CDUI\" \/>\n<meta property=\"article:modified_time\" content=\"2023-07-17T14:26:32+00:00\" \/>\n<meta name=\"twitter:card\" content=\"summary_large_image\" \/>\n<meta name=\"twitter:label1\" content=\"Dur\u00e9e de lecture estim\u00e9e\" \/>\n\t<meta name=\"twitter:data1\" content=\"1 minute\" \/>\n<script type=\"application\/ld+json\" class=\"yoast-schema-graph\">{\"@context\":\"https:\/\/schema.org\",\"@graph\":[{\"@type\":\"WebPage\",\"@id\":\"https:\/\/cdui00.afpa-balma.fr\/portfolio-CDUI\/membre\/\",\"url\":\"https:\/\/cdui00.afpa-balma.fr\/portfolio-CDUI\/membre\/\",\"name\":\"Espace membre - Formation CDUI\",\"isPartOf\":{\"@id\":\"https:\/\/cdui00.afpa-balma.fr\/portfolio-CDUI\/#website\"},\"datePublished\":\"2023-07-13T13:11:49+00:00\",\"dateModified\":\"2023-07-17T14:26:32+00:00\",\"breadcrumb\":{\"@id\":\"https:\/\/cdui00.afpa-balma.fr\/portfolio-CDUI\/membre\/#breadcrumb\"},\"inLanguage\":\"fr-FR\",\"potentialAction\":[{\"@type\":\"ReadAction\",\"target\":[\"https:\/\/cdui00.afpa-balma.fr\/portfolio-CDUI\/membre\/\"]}]},{\"@type\":\"BreadcrumbList\",\"@id\":\"https:\/\/cdui00.afpa-balma.fr\/portfolio-CDUI\/membre\/#breadcrumb\",\"itemListElement\":[{\"@type\":\"ListItem\",\"position\":1,\"name\":\"Accueil\",\"item\":\"https:\/\/cdui00.afpa-balma.fr\/portfolio-CDUI\/\"},{\"@type\":\"ListItem\",\"position\":2,\"name\":\"Espace membre\"}]},{\"@type\":\"WebSite\",\"@id\":\"https:\/\/cdui00.afpa-balma.fr\/portfolio-CDUI\/#website\",\"url\":\"https:\/\/cdui00.afpa-balma.fr\/portfolio-CDUI\/\",\"name\":\"Formation CDUI\",\"description\":\"Un site d&#039;exemple WordPress\",\"publisher\":{\"@id\":\"https:\/\/cdui00.afpa-balma.fr\/portfolio-CDUI\/#organization\"},\"potentialAction\":[{\"@type\":\"SearchAction\",\"target\":{\"@type\":\"EntryPoint\",\"urlTemplate\":\"https:\/\/cdui00.afpa-balma.fr\/portfolio-CDUI\/?s={search_term_string}\"},\"query-input\":\"required name=search_term_string\"}],\"inLanguage\":\"fr-FR\"},{\"@type\":\"Organization\",\"@id\":\"https:\/\/cdui00.afpa-balma.fr\/portfolio-CDUI\/#organization\",\"name\":\"Formation CDUI\",\"url\":\"https:\/\/cdui00.afpa-balma.fr\/portfolio-CDUI\/\",\"logo\":{\"@type\":\"ImageObject\",\"inLanguage\":\"fr-FR\",\"@id\":\"https:\/\/cdui00.afpa-balma.fr\/portfolio-CDUI\/#\/schema\/logo\/image\/\",\"url\":\"https:\/\/cdui00.afpa-balma.fr\/portfolio-CDUI\/wp-content\/uploads\/2022\/11\/Logo-CDUI.svg\",\"contentUrl\":\"https:\/\/cdui00.afpa-balma.fr\/portfolio-CDUI\/wp-content\/uploads\/2022\/11\/Logo-CDUI.svg\",\"width\":283,\"height\":52,\"caption\":\"Formation CDUI\"},\"image\":{\"@id\":\"https:\/\/cdui00.afpa-balma.fr\/portfolio-CDUI\/#\/schema\/logo\/image\/\"}}]}<\/script>\n<!-- \/ Yoast SEO plugin. -->","yoast_head_json":{"title":"Espace membre - Formation CDUI","robots":{"index":"index","follow":"follow","max-snippet":"max-snippet:-1","max-image-preview":"max-image-preview:large","max-video-preview":"max-video-preview:-1"},"canonical":"https:\/\/cdui00.afpa-balma.fr\/portfolio-CDUI\/membre\/","og_locale":"fr_FR","og_type":"article","og_title":"Espace membre - Formation CDUI","og_description":"Vous \u00eates Concepteur Designer UI ou vous souhaitez le devenir ? Ce site propose des contenus sp\u00e9ciaux pour la communaut\u00e9 CDUI, devenez membre ou connectez-vous ! Se connecter Je suis d\u00e9j\u00e0 membre : Devenir membre Rejoignez la communaut\u00e9 en devenant membre de ce site \ud83d\ude42","og_url":"https:\/\/cdui00.afpa-balma.fr\/portfolio-CDUI\/membre\/","og_site_name":"Formation CDUI","article_modified_time":"2023-07-17T14:26:32+00:00","twitter_card":"summary_large_image","twitter_misc":{"Dur\u00e9e de lecture estim\u00e9e":"1 minute"},"schema":{"@context":"https:\/\/schema.org","@graph":[{"@type":"WebPage","@id":"https:\/\/cdui00.afpa-balma.fr\/portfolio-CDUI\/membre\/","url":"https:\/\/cdui00.afpa-balma.fr\/portfolio-CDUI\/membre\/","name":"Espace membre - Formation CDUI","isPartOf":{"@id":"https:\/\/cdui00.afpa-balma.fr\/portfolio-CDUI\/#website"},"datePublished":"2023-07-13T13:11:49+00:00","dateModified":"2023-07-17T14:26:32+00:00","breadcrumb":{"@id":"https:\/\/cdui00.afpa-balma.fr\/portfolio-CDUI\/membre\/#breadcrumb"},"inLanguage":"fr-FR","potentialAction":[{"@type":"ReadAction","target":["https:\/\/cdui00.afpa-balma.fr\/portfolio-CDUI\/membre\/"]}]},{"@type":"BreadcrumbList","@id":"https:\/\/cdui00.afpa-balma.fr\/portfolio-CDUI\/membre\/#breadcrumb","itemListElement":[{"@type":"ListItem","position":1,"name":"Accueil","item":"https:\/\/cdui00.afpa-balma.fr\/portfolio-CDUI\/"},{"@type":"ListItem","position":2,"name":"Espace membre"}]},{"@type":"WebSite","@id":"https:\/\/cdui00.afpa-balma.fr\/portfolio-CDUI\/#website","url":"https:\/\/cdui00.afpa-balma.fr\/portfolio-CDUI\/","name":"Formation CDUI","description":"Un site d&#039;exemple WordPress","publisher":{"@id":"https:\/\/cdui00.afpa-balma.fr\/portfolio-CDUI\/#organization"},"potentialAction":[{"@type":"SearchAction","target":{"@type":"EntryPoint","urlTemplate":"https:\/\/cdui00.afpa-balma.fr\/portfolio-CDUI\/?s={search_term_string}"},"query-input":"required name=search_term_string"}],"inLanguage":"fr-FR"},{"@type":"Organization","@id":"https:\/\/cdui00.afpa-balma.fr\/portfolio-CDUI\/#organization","name":"Formation CDUI","url":"https:\/\/cdui00.afpa-balma.fr\/portfolio-CDUI\/","logo":{"@type":"ImageObject","inLanguage":"fr-FR","@id":"https:\/\/cdui00.afpa-balma.fr\/portfolio-CDUI\/#\/schema\/logo\/image\/","url":"https:\/\/cdui00.afpa-balma.fr\/portfolio-CDUI\/wp-content\/uploads\/2022\/11\/Logo-CDUI.svg","contentUrl":"https:\/\/cdui00.afpa-balma.fr\/portfolio-CDUI\/wp-content\/uploads\/2022\/11\/Logo-CDUI.svg","width":283,"height":52,"caption":"Formation CDUI"},"image":{"@id":"https:\/\/cdui00.afpa-balma.fr\/portfolio-CDUI\/#\/schema\/logo\/image\/"}}]}},"_links":{"self":[{"href":"https:\/\/cdui00.afpa-balma.fr\/portfolio-CDUI\/wp-json\/wp\/v2\/pages\/932","targetHints":{"allow":["GET"]}}],"collection":[{"href":"https:\/\/cdui00.afpa-balma.fr\/portfolio-CDUI\/wp-json\/wp\/v2\/pages"}],"about":[{"href":"https:\/\/cdui00.afpa-balma.fr\/portfolio-CDUI\/wp-json\/wp\/v2\/types\/page"}],"author":[{"embeddable":true,"href":"https:\/\/cdui00.afpa-balma.fr\/portfolio-CDUI\/wp-json\/wp\/v2\/users\/1"}],"replies":[{"embeddable":true,"href":"https:\/\/cdui00.afpa-balma.fr\/portfolio-CDUI\/wp-json\/wp\/v2\/comments?post=932"}],"version-history":[{"count":11,"href":"https:\/\/cdui00.afpa-balma.fr\/portfolio-CDUI\/wp-json\/wp\/v2\/pages\/932\/revisions"}],"predecessor-version":[{"id":1035,"href":"https:\/\/cdui00.afpa-balma.fr\/portfolio-CDUI\/wp-json\/wp\/v2\/pages\/932\/revisions\/1035"}],"wp:attachment":[{"href":"https:\/\/cdui00.afpa-balma.fr\/portfolio-CDUI\/wp-json\/wp\/v2\/media?parent=932"}],"curies":[{"name":"wp","href":"https:\/\/api.w.org\/{rel}","templated":true}]}}