{"id":3,"date":"2022-10-25T08:19:00","date_gmt":"2022-10-25T06:19:00","guid":{"rendered":"https:\/\/cdui00.afpa-balma.fr\/portfolio\/?page_id=3"},"modified":"2023-08-29T10:58:41","modified_gmt":"2023-08-29T08:58:41","slug":"mentions-legales","status":"publish","type":"page","link":"https:\/\/cdui00.afpa-balma.fr\/portfolio-CDUI\/mentions-legales\/","title":{"rendered":"Mentions l\u00e9gales"},"content":{"rendered":"\n<div class=\"wp-block-media-text alignwide is-stacked-on-mobile tet\" style=\"margin-top:0px;margin-right:0px;margin-bottom:0px;margin-left:0px\"><figure class=\"wp-block-media-text__media\"><img loading=\"lazy\" decoding=\"async\" width=\"2500\" height=\"2500\" src=\"https:\/\/cdui00.afpa-balma.fr\/portfolio-CDUI\/wp-content\/uploads\/2022\/11\/eco-conception.svg\" alt=\"\" class=\"wp-image-575 size-full\"\/><\/figure><div class=\"wp-block-media-text__content\">\n<blockquote class=\"wp-block-quote is-layout-flow wp-block-quote-is-layout-flow\">\n<p>Dans une <strong><a rel=\"noreferrer noopener\" href=\"https:\/\/www.concept-image.fr\/blog\/leco-conception-web-pourquoi-et-comment-creer-un-site-respectueux-de-lenvironnement\/\" target=\"_blank\">d\u00e9marche d\u2019\u00e9co-conception web<\/a><\/strong> consistant \u00e0<strong>&nbsp;<\/strong>limiter l\u2019impact de ce site, il a \u00e9t\u00e9 con\u00e7u pour \u00eatre&nbsp;moins \u00e9nergivore&nbsp;et donc&nbsp;<strong>plus respectueux de l\u2019environnement<\/strong>, sans pour autant n\u00e9gliger ses performances. Opter pour l\u2019\u00e9co-conception web c&rsquo;est rechercher l\u2019efficience, c&rsquo;est-\u00e0-dire en faire autant avec le moins de ressources possible. Autrement dit, on essaye de se contenter de l\u2019essentiel en supprimant le superflu.&nbsp;<strong>Simplicit\u00e9 et pertinence sont les ma\u00eetres mots<\/strong> de ce site qui vous est donc pr\u00e9sent\u00e9 en version \u00ab\u00a0One page\u00a0\u00bb.&nbsp;<\/p>\n<cite>Caroline Talar<\/cite><\/blockquote>\n<\/div><\/div>\n\n\n\n<div class=\"wp-block-group is-layout-constrained wp-container-core-group-is-layout-db9edeb8 wp-block-group-is-layout-constrained\">\n<h2 class=\"wp-block-heading\">Qui sommes-nous&nbsp;?<\/h2>\n\n\n\n<p>L\u2019adresse de notre site est&nbsp;: https:\/\/cdui00.afpa-balma.fr\/<\/p>\n\n\n\n<p>Ce site a \u00e9t\u00e9 r\u00e9alis\u00e9 par Caroline Talar (Learning Master CDUI) dans le cadre de la formation \u00c9loce Center \u00e0 l&rsquo;Afpa de Toulouse Balma.<\/p>\n\n\n\n<hr class=\"wp-block-separator has-text-color has-alpha-channel-opacity has-background is-style-wide\" style=\"margin-top:var(--wp--preset--spacing--70);margin-bottom:var(--wp--preset--spacing--70);background-color:#ddbe25;color:#ddbe25\"\/>\n<\/div>\n\n\n\n<div class=\"wp-block-columns is-layout-flex wp-container-core-columns-is-layout-28f84493 wp-block-columns-is-layout-flex\">\n<div class=\"wp-block-column is-layout-flow wp-block-column-is-layout-flow\">\n<h3 class=\"wp-block-heading\">\u00c9diteur<\/h3>\n\n\n\n<p>Agence nationale pour la formation professionnelle<br>Centre Afpa Balma<br>73 Rue Saint-Jean<br>31130 Balma<br><em>Directrice de la publication : <\/em>Caroline Talar<\/p>\n<\/div>\n\n\n\n<div class=\"wp-block-column is-layout-flow wp-block-column-is-layout-flow\">\n<h3 class=\"wp-block-heading\">H\u00e9bergeur<\/h3>\n\n\n\n<p>Soci\u00e9t\u00e9 OVH<br>2 rue Kellermann<br>59100 Roubaix<br>France<\/p>\n<\/div>\n\n\n\n<div class=\"wp-block-column is-layout-flow wp-block-column-is-layout-flow\">\n<h3 class=\"wp-block-heading\">Cr\u00e9dits<\/h3>\n\n\n\n<ul class=\"wp-block-list\">\n<li><strong>Illustrations :<\/strong>&nbsp;freepik \/ vectorjuice<\/li>\n\n\n\n<li><strong>Photos :<\/strong>&nbsp;pexels<\/li>\n\n\n\n<li><strong>Design : <\/strong>Caroline Talar<\/li>\n<\/ul>\n<\/div>\n<\/div>\n\n\n\n<div class=\"wp-block-group is-layout-constrained wp-container-core-group-is-layout-db9edeb8 wp-block-group-is-layout-constrained\">\n<hr class=\"wp-block-separator has-text-color has-alpha-channel-opacity has-background is-style-wide\" style=\"margin-top:var(--wp--preset--spacing--70);margin-bottom:var(--wp--preset--spacing--70);background-color:#ddbe25;color:#ddbe25\"\/>\n\n\n\n<h4 class=\"wp-block-heading\">Reproductions<\/h4>\n\n\n\n<p>La reproduction de tout ou partie de ce site sur support \u00e9lectronique est formellement interdite sauf autorisation de la cr\u00e9atrice : Caroline Talar.<\/p>\n\n\n\n<p>La reproduction sur support papier est autoris\u00e9e pour une utilisation \u00e0 des fins priv\u00e9es sous r\u00e9serve du respect de l&rsquo;int\u00e9grit\u00e9 des documents reproduits ou par courte citation avec mention claire et lisible de la source sous la forme suivante \u00ab\u00a0Source : cdui00.afpa-balma.fr, tous droits r\u00e9serv\u00e9s\u00a0\u00bb.<br>Toute autre utilisation est soumise \u00e0 l&rsquo;accord pr\u00e9alable de la cr\u00e9atrice.<\/p>\n\n\n\n<h2 class=\"wp-block-heading\">Commentaires<\/h2>\n\n\n\n<p>Quand vous laissez un commentaire sur notre site, les donn\u00e9es inscrites dans le formulaire de commentaire, ainsi que votre adresse IP et l\u2019agent utilisateur de votre navigateur sont collect\u00e9s pour nous aider \u00e0 la d\u00e9tection des commentaires ind\u00e9sirables.<\/p>\n\n\n\n<p>Une cha\u00eene anonymis\u00e9e cr\u00e9\u00e9e \u00e0 partir de votre adresse e-mail (\u00e9galement appel\u00e9e hash) peut \u00eatre envoy\u00e9e au service Gravatar pour v\u00e9rifier si vous utilisez ce dernier. Les clauses de confidentialit\u00e9 du service Gravatar sont disponibles ici&nbsp;: https:\/\/automattic.com\/privacy\/. Apr\u00e8s validation de votre commentaire, votre photo de profil sera visible publiquement \u00e0 cot\u00e9 de votre commentaire.<\/p>\n\n\n\n<h2 class=\"wp-block-heading\">M\u00e9dias<\/h2>\n\n\n\n<p>Cr\u00e9dit animation : \u00ab\u00a0<a rel=\"noreferrer noopener\" href=\"https:\/\/lottiefiles.com\/85555-homme-information\" target=\"_blank\">Homme information<\/a>\u00a0\u00bb &amp; \u00ab\u00a0<a href=\"https:\/\/lottiefiles.com\/85558-woman-green\" target=\"_blank\" rel=\"noreferrer noopener\">Woman green<\/a>\u00a0\u00bb Marion charbonnier \/ Lottiefiles<\/p>\n\n\n\n<h2 class=\"wp-block-heading\">Cookies<\/h2>\n\n\n\n<p>Si vous d\u00e9posez un commentaire sur notre site, il vous sera propos\u00e9 d\u2019enregistrer votre nom, adresse e-mail et site dans des cookies. C\u2019est uniquement pour votre confort afin de ne pas avoir \u00e0 saisir ces informations si vous d\u00e9posez un autre commentaire plus tard. Ces cookies expirent au bout d\u2019un an.<\/p>\n\n\n\n<p>Si vous vous rendez sur la page de connexion, un cookie temporaire sera cr\u00e9\u00e9 afin de d\u00e9terminer si votre navigateur accepte les cookies. Il ne contient pas de donn\u00e9es personnelles et sera supprim\u00e9 automatiquement \u00e0 la fermeture de votre navigateur.<\/p>\n\n\n\n<p>Lorsque vous vous connecterez, nous mettrons en place un certain nombre de cookies pour enregistrer vos informations de connexion et vos pr\u00e9f\u00e9rences d\u2019\u00e9cran. La dur\u00e9e de vie d\u2019un cookie de connexion est de deux jours, celle d\u2019un cookie d\u2019option d\u2019\u00e9cran est d\u2019un an. Si vous cochez \u00ab&nbsp;Se souvenir de moi&nbsp;\u00bb, votre cookie de connexion sera conserv\u00e9 pendant deux semaines. Si vous vous d\u00e9connectez de votre compte, le cookie de connexion sera effac\u00e9.<\/p>\n\n\n\n<p>En modifiant ou en publiant une publication, un cookie suppl\u00e9mentaire sera enregistr\u00e9 dans votre navigateur. Ce cookie ne comprend aucune donn\u00e9e personnelle. Il indique simplement l\u2019ID de la publication que vous venez de modifier. Il expire au bout d\u2019un jour.<\/p>\n\n\n\n<h2 class=\"wp-block-heading\">Contenu embarqu\u00e9 depuis d\u2019autres sites<\/h2>\n\n\n\n<p>Les articles de ce site peuvent inclure des contenus int\u00e9gr\u00e9s (par exemple des vid\u00e9os, images, articles\u2026). Le contenu int\u00e9gr\u00e9 depuis d\u2019autres sites se comporte de la m\u00eame mani\u00e8re que si le visiteur se rendait sur cet autre site.<\/p>\n\n\n\n<p>Ces sites web pourraient collecter des donn\u00e9es sur vous, utiliser des cookies, embarquer des outils de suivis tiers, suivre vos interactions avec ces contenus embarqu\u00e9s si vous disposez d\u2019un compte connect\u00e9 sur leur site web.<\/p>\n\n\n\n<h2 class=\"wp-block-heading\">Utilisation et transmission de vos donn\u00e9es personnelles<\/h2>\n\n\n\n<p>Si vous demandez une r\u00e9initialisation de votre mot de passe, votre adresse IP sera incluse dans l\u2019e-mail de r\u00e9initialisation.<\/p>\n\n\n\n<h2 class=\"wp-block-heading\">Dur\u00e9es de stockage de vos donn\u00e9es<\/h2>\n\n\n\n<p>Si vous laissez un commentaire, le commentaire et ses m\u00e9tadonn\u00e9es sont conserv\u00e9s ind\u00e9finiment. Cela permet de reconna\u00eetre et approuver automatiquement les commentaires suivants au lieu de les laisser dans la file de mod\u00e9ration.<\/p>\n\n\n\n<p>Pour les comptes qui s\u2019inscrivent sur notre site (le cas \u00e9ch\u00e9ant), nous stockons \u00e9galement les donn\u00e9es personnelles indiqu\u00e9es dans leur profil. Tous les comptes peuvent voir, modifier ou supprimer leurs informations personnelles \u00e0 tout moment (\u00e0 l\u2019exception de leur identifiant). Les gestionnaires du site peuvent aussi voir et modifier ces informations.<\/p>\n\n\n\n<h2 class=\"wp-block-heading\">Les droits que vous avez sur vos donn\u00e9es<\/h2>\n\n\n\n<p>Si vous avez un compte ou si vous avez laiss\u00e9 des commentaires sur le site, vous pouvez demander \u00e0 recevoir un fichier contenant toutes les donn\u00e9es personnelles que nous poss\u00e9dons \u00e0 votre sujet, incluant celles que vous nous avez fournies. Vous pouvez \u00e9galement demander la suppression des donn\u00e9es personnelles vous concernant. Cela ne prend pas en compte les donn\u00e9es stock\u00e9es \u00e0 des fins administratives, l\u00e9gales ou pour des raisons de s\u00e9curit\u00e9.<\/p>\n\n\n\n<h2 class=\"wp-block-heading\">O\u00f9 vos donn\u00e9es sont envoy\u00e9es<\/h2>\n\n\n\n<p>Les commentaires des visiteurs peuvent \u00eatre v\u00e9rifi\u00e9s \u00e0 l\u2019aide d\u2019un service automatis\u00e9 de d\u00e9tection des commentaires ind\u00e9sirables.<\/p>\n<\/div>\n\n\n\n<div style=\"height:60px\" aria-hidden=\"true\" class=\"wp-block-spacer\"><\/div>\n\n\n\n<div class=\"wp-block-group alignfull ancres has-background is-layout-constrained wp-container-core-group-is-layout-44d1d2f2 wp-block-group-is-layout-constrained\" id=\"contact\" style=\"background-color:#d6d6d24a;padding-top:30px;padding-right:30px;padding-bottom:30px;padding-left:30px\">\n<div class=\"wp-block-columns alignwide is-layout-flex wp-container-core-columns-is-layout-c6bc58be wp-block-columns-is-layout-flex\" style=\"padding-top:0px;padding-right:0px;padding-bottom:0px;padding-left:0px\">\n<div class=\"wp-block-column is-vertically-aligned-center is-layout-flow wp-block-column-is-layout-flow\" style=\"padding-top:var(--wp--preset--spacing--60);padding-right:0;padding-bottom:0;padding-left:0;flex-basis:66.66%\">\n<h2 class=\"wp-block-heading alignwide\" style=\"margin-top:var(--wp--preset--spacing--30);margin-right:0;margin-bottom:0;margin-left:0\">Contact<\/h2>\n\n\n\n<p class=\"has-text-align-left\">Pour toutes demandes de renseignements, vous pouvez \u00e9crire un petit message via ce formulaire.<\/p>\n\n\n\n<div class=\"wp-block-contact-form-7-contact-form-selector\">\n<div class=\"wpcf7 no-js\" id=\"wpcf7-f31-o1\" lang=\"fr-FR\" dir=\"ltr\">\n<div class=\"screen-reader-response\"><p role=\"status\" aria-live=\"polite\" aria-atomic=\"true\"><\/p> <ul><\/ul><\/div>\n<form action=\"\/portfolio-CDUI\/wp-json\/wp\/v2\/pages\/3#wpcf7-f31-o1\" method=\"post\" class=\"wpcf7-form init\" aria-label=\"Formulaire de contact\" novalidate=\"novalidate\" data-status=\"init\">\n<div style=\"display: none;\">\n<input type=\"hidden\" name=\"_wpcf7\" value=\"31\" \/>\n<input type=\"hidden\" name=\"_wpcf7_version\" value=\"5.8\" \/>\n<input type=\"hidden\" name=\"_wpcf7_locale\" value=\"fr_FR\" \/>\n<input type=\"hidden\" name=\"_wpcf7_unit_tag\" value=\"wpcf7-f31-o1\" \/>\n<input type=\"hidden\" name=\"_wpcf7_container_post\" value=\"0\" \/>\n<input type=\"hidden\" name=\"_wpcf7_posted_data_hash\" value=\"\" \/>\n<\/div>\n<p><i>*Champs obligatoires<\/i>\n<\/p>\n<div id=\"form-col1\">\n\t<p><label> Votre nom*<br \/>\n<span class=\"wpcf7-form-control-wrap\" data-name=\"your-name\"><input size=\"40\" class=\"wpcf7-form-control wpcf7-text wpcf7-validates-as-required\" aria-required=\"true\" aria-invalid=\"false\" value=\"\" type=\"text\" name=\"your-name\" \/><\/span> <\/label><br \/>\n<label> Votre pr\u00e9nom*<br \/>\n<span class=\"wpcf7-form-control-wrap\" data-name=\"votre-prenom\"><input size=\"40\" class=\"wpcf7-form-control wpcf7-text wpcf7-validates-as-required\" aria-required=\"true\" aria-invalid=\"false\" value=\"\" type=\"text\" name=\"votre-prenom\" \/><\/span><\/label><br \/>\n<label> Votre e-mail*<br \/>\n<span class=\"wpcf7-form-control-wrap\" data-name=\"your-email\"><input size=\"40\" class=\"wpcf7-form-control wpcf7-email wpcf7-validates-as-required wpcf7-text wpcf7-validates-as-email\" aria-required=\"true\" aria-invalid=\"false\" value=\"\" type=\"email\" name=\"your-email\" \/><\/span> <\/label>\n\t<\/p>\n<\/div>\n<div id=\"form-col2\">\n\t<p><label> Objet<br \/>\n<span class=\"wpcf7-form-control-wrap\" data-name=\"your-subject\"><input size=\"40\" class=\"wpcf7-form-control wpcf7-text wpcf7-validates-as-required\" aria-required=\"true\" aria-invalid=\"false\" value=\"\" type=\"text\" name=\"your-subject\" \/><\/span> <\/label><br \/>\n<label> Votre message (facultatif)<br \/>\n<span class=\"wpcf7-form-control-wrap\" data-name=\"your-message\"><textarea cols=\"40\" rows=\"10\" class=\"wpcf7-form-control wpcf7-textarea\" aria-invalid=\"false\" name=\"your-message\"><\/textarea><\/span> <\/label>\n\t<\/p>\n\t<p><input class=\"wpcf7-form-control wpcf7-submit has-spinner\" type=\"submit\" value=\"Envoyer\" \/>\n\t<\/p>\n<\/div><div class=\"wpcf7-response-output\" aria-hidden=\"true\"><\/div>\n<\/form>\n<\/div>\n<\/div>\n<\/div>\n\n\n\n<div class=\"wp-block-column is-vertically-aligned-center is-layout-flow wp-block-column-is-layout-flow\" style=\"padding-top:0;flex-basis:33.33%\">\n<div class=\"wp-block-gb-lottiefiles lot-form\" style=\"background-color:transparent\"><lottie-player id=\"mufujeqb\" interactivitytype=\"none\" interactivitymode=\"none\" visibilitystart=\"0\" visibilityend=\"1\" framesstart=\"0\" framesend=\"25\" rest=\"{&quot;autoplay&quot;:true,&quot;loop&quot;:true,&quot;controls&quot;:null}\" totalframes=\"25\" mode=\"normal\" src=\"https:\/\/cdui00.afpa-balma.fr\/portfolio-CDUI\/wp-content\/uploads\/2022\/11\/animation-homme-information.json\" speed=\"1\" background=\"transparent\" class=\"lottie-player mx-auto\" style=\"width:400px;height:400px\"><\/lottie-player><\/div>\n<\/div>\n<\/div>\n<\/div>\n\n\n\n<style>\nmain img[src$=\".svg\"] {\n    width: 100%;\n}\n<\/style>\n","protected":false},"excerpt":{"rendered":"<p>Qui sommes-nous&nbsp;? L\u2019adresse de notre site est&nbsp;: https:\/\/cdui00.afpa-balma.fr\/ Ce site a \u00e9t\u00e9 r\u00e9alis\u00e9 par Caroline Talar (Learning Master CDUI) dans le cadre de la formation \u00c9loce Center \u00e0 l&rsquo;Afpa de Toulouse Balma. \u00c9diteur Agence nationale pour la formation professionnelleCentre Afpa Balma73 Rue Saint-Jean31130 BalmaDirectrice de la publication : Caroline Talar H\u00e9bergeur Soci\u00e9t\u00e9 OVH2 rue Kellermann59100 [&hellip;]<\/p>\n","protected":false},"author":1,"featured_media":0,"parent":0,"menu_order":0,"comment_status":"closed","ping_status":"open","template":"","meta":{"inline_featured_image":false,"_vp_format_video_url":"","_vp_image_focal_point":[],"footnotes":""},"class_list":["post-3","page","type-page","status-publish","hentry"],"yoast_head":"<!-- This site is optimized with the Yoast SEO plugin v21.0 - https:\/\/yoast.com\/wordpress\/plugins\/seo\/ -->\n<title>Mentions l\u00e9gales - Formation CDUI<\/title>\n<meta name=\"robots\" content=\"index, nofollow, max-snippet:-1, max-image-preview:large, max-video-preview:-1\" \/>\n<link rel=\"canonical\" href=\"https:\/\/cdui00.afpa-balma.fr\/portfolio-CDUI\/mentions-legales\/\" \/>\n<meta property=\"og:locale\" content=\"fr_FR\" \/>\n<meta property=\"og:type\" content=\"article\" \/>\n<meta property=\"og:title\" content=\"Mentions l\u00e9gales - Formation CDUI\" \/>\n<meta property=\"og:description\" content=\"Qui sommes-nous&nbsp;? L\u2019adresse de notre site est&nbsp;: https:\/\/cdui00.afpa-balma.fr\/ Ce site a \u00e9t\u00e9 r\u00e9alis\u00e9 par Caroline Talar (Learning Master CDUI) dans le cadre de la formation \u00c9loce Center \u00e0 l&rsquo;Afpa de Toulouse Balma. \u00c9diteur Agence nationale pour la formation professionnelleCentre Afpa Balma73 Rue Saint-Jean31130 BalmaDirectrice de la publication : Caroline Talar H\u00e9bergeur Soci\u00e9t\u00e9 OVH2 rue Kellermann59100 [&hellip;]\" \/>\n<meta property=\"og:url\" content=\"https:\/\/cdui00.afpa-balma.fr\/portfolio-CDUI\/mentions-legales\/\" \/>\n<meta property=\"og:site_name\" content=\"Formation CDUI\" \/>\n<meta property=\"article:modified_time\" content=\"2023-08-29T08:58:41+00:00\" \/>\n<meta property=\"og:image\" content=\"https:\/\/cdui00.afpa-balma.fr\/portfolio-CDUI\/wp-content\/uploads\/2022\/11\/eco-conception.svg\" \/>\n<meta name=\"twitter:card\" content=\"summary_large_image\" \/>\n<meta name=\"twitter:label1\" content=\"Dur\u00e9e de lecture estim\u00e9e\" \/>\n\t<meta name=\"twitter:data1\" content=\"5 minutes\" \/>\n<script type=\"application\/ld+json\" class=\"yoast-schema-graph\">{\"@context\":\"https:\/\/schema.org\",\"@graph\":[{\"@type\":\"WebPage\",\"@id\":\"https:\/\/cdui00.afpa-balma.fr\/portfolio-CDUI\/mentions-legales\/\",\"url\":\"https:\/\/cdui00.afpa-balma.fr\/portfolio-CDUI\/mentions-legales\/\",\"name\":\"Mentions l\u00e9gales - Formation CDUI\",\"isPartOf\":{\"@id\":\"https:\/\/cdui00.afpa-balma.fr\/portfolio-CDUI\/#website\"},\"datePublished\":\"2022-10-25T06:19:00+00:00\",\"dateModified\":\"2023-08-29T08:58:41+00:00\",\"breadcrumb\":{\"@id\":\"https:\/\/cdui00.afpa-balma.fr\/portfolio-CDUI\/mentions-legales\/#breadcrumb\"},\"inLanguage\":\"fr-FR\",\"potentialAction\":[{\"@type\":\"ReadAction\",\"target\":[\"https:\/\/cdui00.afpa-balma.fr\/portfolio-CDUI\/mentions-legales\/\"]}]},{\"@type\":\"BreadcrumbList\",\"@id\":\"https:\/\/cdui00.afpa-balma.fr\/portfolio-CDUI\/mentions-legales\/#breadcrumb\",\"itemListElement\":[{\"@type\":\"ListItem\",\"position\":1,\"name\":\"Accueil\",\"item\":\"https:\/\/cdui00.afpa-balma.fr\/portfolio-CDUI\/\"},{\"@type\":\"ListItem\",\"position\":2,\"name\":\"Mentions l\u00e9gales\"}]},{\"@type\":\"WebSite\",\"@id\":\"https:\/\/cdui00.afpa-balma.fr\/portfolio-CDUI\/#website\",\"url\":\"https:\/\/cdui00.afpa-balma.fr\/portfolio-CDUI\/\",\"name\":\"Formation CDUI\",\"description\":\"Un site d&#039;exemple WordPress\",\"publisher\":{\"@id\":\"https:\/\/cdui00.afpa-balma.fr\/portfolio-CDUI\/#organization\"},\"potentialAction\":[{\"@type\":\"SearchAction\",\"target\":{\"@type\":\"EntryPoint\",\"urlTemplate\":\"https:\/\/cdui00.afpa-balma.fr\/portfolio-CDUI\/?s={search_term_string}\"},\"query-input\":\"required name=search_term_string\"}],\"inLanguage\":\"fr-FR\"},{\"@type\":\"Organization\",\"@id\":\"https:\/\/cdui00.afpa-balma.fr\/portfolio-CDUI\/#organization\",\"name\":\"Formation CDUI\",\"url\":\"https:\/\/cdui00.afpa-balma.fr\/portfolio-CDUI\/\",\"logo\":{\"@type\":\"ImageObject\",\"inLanguage\":\"fr-FR\",\"@id\":\"https:\/\/cdui00.afpa-balma.fr\/portfolio-CDUI\/#\/schema\/logo\/image\/\",\"url\":\"https:\/\/cdui00.afpa-balma.fr\/portfolio-CDUI\/wp-content\/uploads\/2022\/11\/Logo-CDUI.svg\",\"contentUrl\":\"https:\/\/cdui00.afpa-balma.fr\/portfolio-CDUI\/wp-content\/uploads\/2022\/11\/Logo-CDUI.svg\",\"width\":283,\"height\":52,\"caption\":\"Formation CDUI\"},\"image\":{\"@id\":\"https:\/\/cdui00.afpa-balma.fr\/portfolio-CDUI\/#\/schema\/logo\/image\/\"}}]}<\/script>\n<!-- \/ Yoast SEO plugin. -->","yoast_head_json":{"title":"Mentions l\u00e9gales - Formation CDUI","robots":{"index":"index","follow":"nofollow","max-snippet":"max-snippet:-1","max-image-preview":"max-image-preview:large","max-video-preview":"max-video-preview:-1"},"canonical":"https:\/\/cdui00.afpa-balma.fr\/portfolio-CDUI\/mentions-legales\/","og_locale":"fr_FR","og_type":"article","og_title":"Mentions l\u00e9gales - Formation CDUI","og_description":"Qui sommes-nous&nbsp;? L\u2019adresse de notre site est&nbsp;: https:\/\/cdui00.afpa-balma.fr\/ Ce site a \u00e9t\u00e9 r\u00e9alis\u00e9 par Caroline Talar (Learning Master CDUI) dans le cadre de la formation \u00c9loce Center \u00e0 l&rsquo;Afpa de Toulouse Balma. \u00c9diteur Agence nationale pour la formation professionnelleCentre Afpa Balma73 Rue Saint-Jean31130 BalmaDirectrice de la publication : Caroline Talar H\u00e9bergeur Soci\u00e9t\u00e9 OVH2 rue Kellermann59100 [&hellip;]","og_url":"https:\/\/cdui00.afpa-balma.fr\/portfolio-CDUI\/mentions-legales\/","og_site_name":"Formation CDUI","article_modified_time":"2023-08-29T08:58:41+00:00","og_image":[{"url":"https:\/\/cdui00.afpa-balma.fr\/portfolio-CDUI\/wp-content\/uploads\/2022\/11\/eco-conception.svg"}],"twitter_card":"summary_large_image","twitter_misc":{"Dur\u00e9e de lecture estim\u00e9e":"5 minutes"},"schema":{"@context":"https:\/\/schema.org","@graph":[{"@type":"WebPage","@id":"https:\/\/cdui00.afpa-balma.fr\/portfolio-CDUI\/mentions-legales\/","url":"https:\/\/cdui00.afpa-balma.fr\/portfolio-CDUI\/mentions-legales\/","name":"Mentions l\u00e9gales - Formation CDUI","isPartOf":{"@id":"https:\/\/cdui00.afpa-balma.fr\/portfolio-CDUI\/#website"},"datePublished":"2022-10-25T06:19:00+00:00","dateModified":"2023-08-29T08:58:41+00:00","breadcrumb":{"@id":"https:\/\/cdui00.afpa-balma.fr\/portfolio-CDUI\/mentions-legales\/#breadcrumb"},"inLanguage":"fr-FR","potentialAction":[{"@type":"ReadAction","target":["https:\/\/cdui00.afpa-balma.fr\/portfolio-CDUI\/mentions-legales\/"]}]},{"@type":"BreadcrumbList","@id":"https:\/\/cdui00.afpa-balma.fr\/portfolio-CDUI\/mentions-legales\/#breadcrumb","itemListElement":[{"@type":"ListItem","position":1,"name":"Accueil","item":"https:\/\/cdui00.afpa-balma.fr\/portfolio-CDUI\/"},{"@type":"ListItem","position":2,"name":"Mentions l\u00e9gales"}]},{"@type":"WebSite","@id":"https:\/\/cdui00.afpa-balma.fr\/portfolio-CDUI\/#website","url":"https:\/\/cdui00.afpa-balma.fr\/portfolio-CDUI\/","name":"Formation CDUI","description":"Un site d&#039;exemple WordPress","publisher":{"@id":"https:\/\/cdui00.afpa-balma.fr\/portfolio-CDUI\/#organization"},"potentialAction":[{"@type":"SearchAction","target":{"@type":"EntryPoint","urlTemplate":"https:\/\/cdui00.afpa-balma.fr\/portfolio-CDUI\/?s={search_term_string}"},"query-input":"required name=search_term_string"}],"inLanguage":"fr-FR"},{"@type":"Organization","@id":"https:\/\/cdui00.afpa-balma.fr\/portfolio-CDUI\/#organization","name":"Formation CDUI","url":"https:\/\/cdui00.afpa-balma.fr\/portfolio-CDUI\/","logo":{"@type":"ImageObject","inLanguage":"fr-FR","@id":"https:\/\/cdui00.afpa-balma.fr\/portfolio-CDUI\/#\/schema\/logo\/image\/","url":"https:\/\/cdui00.afpa-balma.fr\/portfolio-CDUI\/wp-content\/uploads\/2022\/11\/Logo-CDUI.svg","contentUrl":"https:\/\/cdui00.afpa-balma.fr\/portfolio-CDUI\/wp-content\/uploads\/2022\/11\/Logo-CDUI.svg","width":283,"height":52,"caption":"Formation CDUI"},"image":{"@id":"https:\/\/cdui00.afpa-balma.fr\/portfolio-CDUI\/#\/schema\/logo\/image\/"}}]}},"_links":{"self":[{"href":"https:\/\/cdui00.afpa-balma.fr\/portfolio-CDUI\/wp-json\/wp\/v2\/pages\/3","targetHints":{"allow":["GET"]}}],"collection":[{"href":"https:\/\/cdui00.afpa-balma.fr\/portfolio-CDUI\/wp-json\/wp\/v2\/pages"}],"about":[{"href":"https:\/\/cdui00.afpa-balma.fr\/portfolio-CDUI\/wp-json\/wp\/v2\/types\/page"}],"author":[{"embeddable":true,"href":"https:\/\/cdui00.afpa-balma.fr\/portfolio-CDUI\/wp-json\/wp\/v2\/users\/1"}],"replies":[{"embeddable":true,"href":"https:\/\/cdui00.afpa-balma.fr\/portfolio-CDUI\/wp-json\/wp\/v2\/comments?post=3"}],"version-history":[{"count":17,"href":"https:\/\/cdui00.afpa-balma.fr\/portfolio-CDUI\/wp-json\/wp\/v2\/pages\/3\/revisions"}],"predecessor-version":[{"id":1108,"href":"https:\/\/cdui00.afpa-balma.fr\/portfolio-CDUI\/wp-json\/wp\/v2\/pages\/3\/revisions\/1108"}],"wp:attachment":[{"href":"https:\/\/cdui00.afpa-balma.fr\/portfolio-CDUI\/wp-json\/wp\/v2\/media?parent=3"}],"curies":[{"name":"wp","href":"https:\/\/api.w.org\/{rel}","templated":true}]}}