{"id":1085,"date":"2023-08-29T10:05:56","date_gmt":"2023-08-29T08:05:56","guid":{"rendered":"https:\/\/cdui00.afpa-balma.fr\/portfolio-CDUI\/?page_id=1085"},"modified":"2023-08-29T11:30:07","modified_gmt":"2023-08-29T09:30:07","slug":"rendez-vous","status":"publish","type":"page","link":"https:\/\/cdui00.afpa-balma.fr\/portfolio-CDUI\/rendez-vous\/","title":{"rendered":"Rendez-vous"},"content":{"rendered":"\n<div class=\"wp-block-columns is-layout-flex wp-container-core-columns-is-layout-28f84493 wp-block-columns-is-layout-flex\">\n<div class=\"wp-block-column is-layout-flow wp-block-column-is-layout-flow\" style=\"flex-basis:33.33%\">\n<figure class=\"wp-block-image size-large\"><img loading=\"lazy\" decoding=\"async\" width=\"2500\" height=\"2500\" src=\"https:\/\/cdui00.afpa-balma.fr\/portfolio-CDUI\/wp-content\/uploads\/2022\/11\/CP9.svg\" alt=\"Visuel illustr\u00e9 pour l'activit\u00e9 3 (CP9)\" class=\"wp-image-300\"\/><\/figure>\n<\/div>\n\n\n\n<div class=\"wp-block-column is-layout-flow wp-block-column-is-layout-flow\" style=\"flex-basis:66.66%\">\n<div style=\"height:50px\" aria-hidden=\"true\" class=\"wp-block-spacer\"><\/div>\n\n\n\n<h2 class=\"wp-block-heading\">R\u00e9servation de RDV<\/h2>\n\n\n\n<p>Vous \u00eates tuteur d&rsquo;un stagiaire CDUI de l&rsquo;Afpa de Toulouse Balma (<span style=\"text-decoration: underline;\">session 2023 : p\u00e9riode de stage du 28\/08 au 13\/10<\/span>), merci de s\u00e9lectionner comme \u00ab\u00a0<strong>Type de rendez-vous<\/strong>\u00a0\u00bb \u279c <strong>Suivi de stage (1h)<\/strong>. <em>Vous pouvez ajuster vos pr\u00e9f\u00e9rences pour filtrer les choix qui vous seront propos\u00e9s, avant de passer \u00e0 l&rsquo;\u00e9tape 2.<\/em><\/p>\n\n\n\n<p><span style=\"text-decoration: underline;\">Merci de prioriser les propositions de cr\u00e9neaux de la <strong>semaine 40 : les 3 ou 4 octobre 2023<\/strong>.<\/span><br><em>Si vous n&rsquo;avez pas de disponibilit\u00e9s ces jours l\u00e0, vous pouvez s\u00e9lectionner un autre cr\u00e9neau semaine 40, ou semaine 41.<\/em><\/p>\n\n\n\n<div class=\"wp-block-bookly-form\"><!--\nPlugin Name: Bookly \u2013 Responsive WordPress Appointment Booking and Scheduling Plugin\nPlugin URI: https:\/\/www.booking-wp-plugin.com\/?utm_source=bookly_admin&utm_medium=plugins_page&utm_campaign=plugins_page\nVersion: 22.3.1-->\n    <style type=\"text\/css\">\n        \/* Color *\/\n        .bookly-form .bookly-form-group > label,\n        .bookly-form .bookly-label-error,\n        .bookly-form .bookly-progress-tracker > .active,\n        .bookly-form .picker__nav--next,\n        .bookly-form .pickadate__nav--prev,\n        .bookly-form .picker__day:hover,\n        .bookly-form .picker__day--selected:hover,\n        .bookly-form .picker--opened .picker__day--selected,\n        .bookly-form .picker__button--clear,\n        .bookly-form .picker__button--today,\n        .bookly-form .bookly-columnizer .bookly-hour span.bookly-waiting-list {\n            color: #ddbe25 !important;\n        }\n\n        \/* Background *\/\n        .bookly-form .bookly-progress-tracker > .active .step,\n        .bookly-form .picker__frame,\n        .bookly-form .bookly-service-step .bookly-week-days label,\n        .bookly-form .bookly-repeat-step .bookly-week-days label,\n        .bookly-form .bookly-columnizer .bookly-hour:active .bookly-hour-icon span,\n        .bookly-form .bookly-btn,\n        .bookly-form .bookly-btn:active,\n        .bookly-form .bookly-btn:focus,\n        .bookly-form .bookly-btn:hover,\n        .bookly-form .bookly-btn-submit,\n        .bookly-form .bookly-round,\n        .bookly-form .bookly-square,\n        .bookly-form .bookly-pagination > li.active {\n            background-color: #ddbe25 !important;\n        }\n\n        .bookly-form .bookly-triangle {\n            border-bottom-color: #ddbe25 !important;\n        }\n\n        \/* Border *\/\n        .bookly-form input[type=\"text\"].bookly-error,\n        .bookly-form input[type=\"password\"].bookly-error,\n        .bookly-form select.bookly-error,\n        .bookly-form textarea.bookly-error,\n        .bookly-form .bookly-week-days.bookly-error,\n        .bookly-extra-step div.bookly-extras-thumb.bookly-extras-selected {\n            border: 2px solid #ddbe25 !important;\n        }\n\n        \/* Other *\/\n        .bookly-form .picker__header {\n            border-bottom: 1px solid #ddbe25 !important;\n        }\n\n        .bookly-form .picker__nav--next:before {\n            border-left: 6px solid #ddbe25 !important;\n        }\n\n        .bookly-form .picker__nav--prev:before {\n            border-right: 6px solid #ddbe25 !important;\n        }\n\n        .bookly-form .bookly-service-step .bookly-week-days label.active, .bookly-form .bookly-repeat-step .bookly-week-days label.active {\n            background: #ddbe25 url(https:\/\/cdui00.afpa-balma.fr\/portfolio-CDUI\/wp-content\/plugins\/bookly-responsive-appointment-booking-tool\/frontend\/resources\/images\/checkbox.png) 0 0 no-repeat !important;\n        }\n\n        .bookly-form .bookly-columnizer .bookly-day, .bookly-form .bookly-schedule-date {\n            background: #ddbe25 !important;\n            border: 1px solid #ddbe25 !important;\n        }\n\n        .bookly-form .bookly-pagination > li.active a {\n            border: 1px solid #ddbe25 !important;\n        }\n\n        .bookly-form .bookly-columnizer .bookly-hour:active {\n            border: 2px solid #ddbe25 !important;\n            color: #ddbe25 !important;\n        }\n\n        .bookly-form .bookly-columnizer .bookly-hour:active .bookly-hour-icon {\n            background: none;\n            border: 2px solid #ddbe25 !important;\n            color: #ddbe25 !important;\n            width: auto;\n            height: auto;\n            padding: 3px;\n            border-radius: 25px;\n            margin-right: 3px;\n        }\n\n        .bookly-form .bookly-columnizer .bookly-hour:active .bookly-hour-icon span {\n            background-color: #ddbe25 !important;\n            width: 8px;\n            height: 8px;\n            border-radius: 10px;\n            display: block;\n        }\n\n        @media (hover) {\n            .bookly-form .bookly-columnizer .bookly-hour:hover {\n                border: 2px solid #ddbe25 !important;\n                color: #ddbe25 !important;\n            }\n\n            .bookly-form .bookly-columnizer .bookly-hour:hover .bookly-hour-icon {\n                background: none;\n                border: 2px solid #ddbe25 !important;\n                color: #ddbe25 !important;\n            }\n\n            .bookly-form .bookly-columnizer .bookly-hour:hover .bookly-hour-icon span {\n                background-color: #ddbe25 !important;\n            }\n        }\n    <\/style>\n\n    <style type=\"text\/css\">\n        div.bookly-form-group[data-type=\"category\"],\ndiv.bookly-form-group[data-type=\"staff\"] {\n    \/*opacity:0.5;*\/\n}\n\ndiv.bookly-form-group[data-type=\"service\"] select {\n    border: 1px solid #ddbe25!important;\n}\ndiv.bookly-form button.bookly-next-step,\ndiv.bookly-form button.bookly-back-step,\ndiv.bookly-form button.bookly-nav-btn {\n\tborder-radius: 10px!important;\n\tpadding: 15px!important;\n\tbackground-color: #333333!important;\n}\ndiv.bookly-form button.bookly-back-step {\n\tbackground-color: #cccccc!important;\n}\n\n\ndiv.bookly-form-group[data-type=\"category\"] > label,\ndiv.bookly-form-group[data-type=\"staff\"] > label {\n    color: #333333!important;\n}\n.bookly-progress-tracker {\n    \/*opacity:0.5;*\/\n}\n.bookly-progress-tracker > div {\n    font-weight: 400;\n}\n.bookly-progress-tracker .step {\n    height: 2px;\n}\n\/*MSG d'alerte*\/\n.bookly-form .bookly-label-error{ color: #ff6100!important; }\n\n\/*BTN recommencer*\/\nbutton.bookly-nav-btn.bookly-js-start-over.bookly-btn.ladda-button.bookly-left{ background-color: #cccccc!important; }    <\/style>\n<div id=\"bookly-form-69fc930bda762\" class=\"bookly-form\" data-form_id=\"69fc930bda762\">\n    <div style=\"text-align: center\"><img decoding=\"async\" src=\"https:\/\/cdui00.afpa-balma.fr\/portfolio-CDUI\/wp-includes\/js\/tinymce\/skins\/lightgray\/img\/loader.gif\" alt=\"Chargement...\"\/><\/div>\n<\/div>\n<script type=\"text\/javascript\">\n    (function (win, fn) {\n        var done = false, top = true,\n            doc = win.document,\n            root = doc.documentElement,\n            modern = doc.addEventListener,\n            add = modern ? 'addEventListener' : 'attachEvent',\n            rem = modern ? 'removeEventListener' : 'detachEvent',\n            pre = modern ? '' : 'on',\n            init = function(e) {\n                if (e.type == 'readystatechange') if (doc.readyState != 'complete') return;\n                (e.type == 'load' ? win : doc)[rem](pre + e.type, init, false);\n                if (!done) { done = true; fn.call(win, e.type || e); }\n            },\n            poll = function() {\n                try { root.doScroll('left'); } catch(e) { setTimeout(poll, 50); return; }\n                init('poll');\n            };\n        if (doc.readyState == 'complete') fn.call(win, 'lazy');\n        else {\n            if (!modern) if (root.doScroll) {\n                try { top = !win.frameElement; } catch(e) { }\n                if (top) poll();\n            }\n            doc[add](pre + 'DOMContentLoaded', init, false);\n            doc[add](pre + 'readystatechange', init, false);\n            win[add](pre + 'load', init, false);\n        }\n    })(window, function() {\n        window.bookly( {\"form_id\":\"69fc930bda762\",\"status\":{\"booking\":\"new\"},\"skip_steps\":{\"service_part1\":0,\"service_part2\":0,\"extras\":1,\"time\":0,\"repeat\":1,\"cart\":1},\"errors\":{\"session_error\":\"Erreur Session.\",\"form_id_error\":\"ID Formulaire d'erreur.\",\"cart_item_not_available\":\"Le cr\\u00e9neau horaire s\\u00e9lectionn\\u00e9 n'est plus disponible. Merci d'en choisir un autre.\",\"pay_locally_not_available\":\"Le paiement local n'est pas disponible.\",\"invalid_gateway\":\"Portail invalide.\",\"payment_error\":\"Erreur\",\"incorrect_username_password\":\"Identifiant ou mot de passe incorrect.\"},\"form_attributes\":{\"hide_categories\":false,\"hide_services\":false,\"hide_staff_members\":false,\"show_number_of_persons\":false,\"hide_service_duration\":true,\"hide_locations\":true,\"hide_quantity\":true,\"hide_date\":false,\"hide_week_days\":false,\"hide_time_range\":false},\"use_client_time_zone\":0,\"firstDay\":1,\"date_format\":\"d mmmm yyyy\",\"defaults\":{\"service_id\":0,\"staff_id\":0,\"location_id\":0,\"category_id\":0}} );\n    });\n<\/script><\/div>\n<\/div>\n<\/div>\n\n\n\n<style>\ndiv.bookly-form-group[data-type=\"category\"], div.bookly-form-group[data-type=\"staff\"] {\n    display:none;\n}\n@media screen and (max-width: 768px)\n#primary {\n    margin-bottom: 0!important;\n}\n.wp-block-columns {\n    padding-bottom: 0!important;\n}\n<\/style>\n","protected":false},"excerpt":{"rendered":"<p>R\u00e9servation de RDV Vous \u00eates tuteur d&rsquo;un stagiaire CDUI de l&rsquo;Afpa de Toulouse Balma (session 2023 : p\u00e9riode de stage du 28\/08 au 13\/10), merci de s\u00e9lectionner comme \u00ab\u00a0Type de rendez-vous\u00a0\u00bb \u279c Suivi de stage (1h). Vous pouvez ajuster vos pr\u00e9f\u00e9rences pour filtrer les choix qui vous seront propos\u00e9s, avant de passer \u00e0 l&rsquo;\u00e9tape 2. [&hellip;]<\/p>\n","protected":false},"author":1,"featured_media":0,"parent":0,"menu_order":0,"comment_status":"closed","ping_status":"closed","template":"","meta":{"inline_featured_image":false,"_vp_format_video_url":"","_vp_image_focal_point":[],"footnotes":""},"class_list":["post-1085","page","type-page","status-publish","hentry"],"yoast_head":"<!-- This site is optimized with the Yoast SEO plugin v21.0 - https:\/\/yoast.com\/wordpress\/plugins\/seo\/ -->\n<title>Rendez-vous - Formation CDUI<\/title>\n<meta name=\"robots\" content=\"index, follow, max-snippet:-1, max-image-preview:large, max-video-preview:-1\" \/>\n<link rel=\"canonical\" href=\"https:\/\/cdui00.afpa-balma.fr\/portfolio-CDUI\/rendez-vous\/\" \/>\n<meta property=\"og:locale\" content=\"fr_FR\" \/>\n<meta property=\"og:type\" content=\"article\" \/>\n<meta property=\"og:title\" content=\"Rendez-vous - Formation CDUI\" \/>\n<meta property=\"og:description\" content=\"R\u00e9servation de RDV Vous \u00eates tuteur d&rsquo;un stagiaire CDUI de l&rsquo;Afpa de Toulouse Balma (session 2023 : p\u00e9riode de stage du 28\/08 au 13\/10), merci de s\u00e9lectionner comme \u00ab\u00a0Type de rendez-vous\u00a0\u00bb \u279c Suivi de stage (1h). Vous pouvez ajuster vos pr\u00e9f\u00e9rences pour filtrer les choix qui vous seront propos\u00e9s, avant de passer \u00e0 l&rsquo;\u00e9tape 2. [&hellip;]\" \/>\n<meta property=\"og:url\" content=\"https:\/\/cdui00.afpa-balma.fr\/portfolio-CDUI\/rendez-vous\/\" \/>\n<meta property=\"og:site_name\" content=\"Formation CDUI\" \/>\n<meta property=\"article:modified_time\" content=\"2023-08-29T09:30:07+00:00\" \/>\n<meta property=\"og:image\" content=\"https:\/\/cdui00.afpa-balma.fr\/portfolio-CDUI\/wp-content\/uploads\/2022\/11\/CP9.svg\" \/>\n<meta name=\"twitter:card\" content=\"summary_large_image\" \/>\n<meta name=\"twitter:label1\" content=\"Dur\u00e9e de lecture estim\u00e9e\" \/>\n\t<meta name=\"twitter:data1\" content=\"1 minute\" \/>\n<script type=\"application\/ld+json\" class=\"yoast-schema-graph\">{\"@context\":\"https:\/\/schema.org\",\"@graph\":[{\"@type\":\"WebPage\",\"@id\":\"https:\/\/cdui00.afpa-balma.fr\/portfolio-CDUI\/rendez-vous\/\",\"url\":\"https:\/\/cdui00.afpa-balma.fr\/portfolio-CDUI\/rendez-vous\/\",\"name\":\"Rendez-vous - Formation CDUI\",\"isPartOf\":{\"@id\":\"https:\/\/cdui00.afpa-balma.fr\/portfolio-CDUI\/#website\"},\"datePublished\":\"2023-08-29T08:05:56+00:00\",\"dateModified\":\"2023-08-29T09:30:07+00:00\",\"breadcrumb\":{\"@id\":\"https:\/\/cdui00.afpa-balma.fr\/portfolio-CDUI\/rendez-vous\/#breadcrumb\"},\"inLanguage\":\"fr-FR\",\"potentialAction\":[{\"@type\":\"ReadAction\",\"target\":[\"https:\/\/cdui00.afpa-balma.fr\/portfolio-CDUI\/rendez-vous\/\"]}]},{\"@type\":\"BreadcrumbList\",\"@id\":\"https:\/\/cdui00.afpa-balma.fr\/portfolio-CDUI\/rendez-vous\/#breadcrumb\",\"itemListElement\":[{\"@type\":\"ListItem\",\"position\":1,\"name\":\"Accueil\",\"item\":\"https:\/\/cdui00.afpa-balma.fr\/portfolio-CDUI\/\"},{\"@type\":\"ListItem\",\"position\":2,\"name\":\"Rendez-vous\"}]},{\"@type\":\"WebSite\",\"@id\":\"https:\/\/cdui00.afpa-balma.fr\/portfolio-CDUI\/#website\",\"url\":\"https:\/\/cdui00.afpa-balma.fr\/portfolio-CDUI\/\",\"name\":\"Formation CDUI\",\"description\":\"Un site d&#039;exemple WordPress\",\"publisher\":{\"@id\":\"https:\/\/cdui00.afpa-balma.fr\/portfolio-CDUI\/#organization\"},\"potentialAction\":[{\"@type\":\"SearchAction\",\"target\":{\"@type\":\"EntryPoint\",\"urlTemplate\":\"https:\/\/cdui00.afpa-balma.fr\/portfolio-CDUI\/?s={search_term_string}\"},\"query-input\":\"required name=search_term_string\"}],\"inLanguage\":\"fr-FR\"},{\"@type\":\"Organization\",\"@id\":\"https:\/\/cdui00.afpa-balma.fr\/portfolio-CDUI\/#organization\",\"name\":\"Formation CDUI\",\"url\":\"https:\/\/cdui00.afpa-balma.fr\/portfolio-CDUI\/\",\"logo\":{\"@type\":\"ImageObject\",\"inLanguage\":\"fr-FR\",\"@id\":\"https:\/\/cdui00.afpa-balma.fr\/portfolio-CDUI\/#\/schema\/logo\/image\/\",\"url\":\"https:\/\/cdui00.afpa-balma.fr\/portfolio-CDUI\/wp-content\/uploads\/2022\/11\/Logo-CDUI.svg\",\"contentUrl\":\"https:\/\/cdui00.afpa-balma.fr\/portfolio-CDUI\/wp-content\/uploads\/2022\/11\/Logo-CDUI.svg\",\"width\":283,\"height\":52,\"caption\":\"Formation CDUI\"},\"image\":{\"@id\":\"https:\/\/cdui00.afpa-balma.fr\/portfolio-CDUI\/#\/schema\/logo\/image\/\"}}]}<\/script>\n<!-- \/ Yoast SEO plugin. -->","yoast_head_json":{"title":"Rendez-vous - Formation CDUI","robots":{"index":"index","follow":"follow","max-snippet":"max-snippet:-1","max-image-preview":"max-image-preview:large","max-video-preview":"max-video-preview:-1"},"canonical":"https:\/\/cdui00.afpa-balma.fr\/portfolio-CDUI\/rendez-vous\/","og_locale":"fr_FR","og_type":"article","og_title":"Rendez-vous - Formation CDUI","og_description":"R\u00e9servation de RDV Vous \u00eates tuteur d&rsquo;un stagiaire CDUI de l&rsquo;Afpa de Toulouse Balma (session 2023 : p\u00e9riode de stage du 28\/08 au 13\/10), merci de s\u00e9lectionner comme \u00ab\u00a0Type de rendez-vous\u00a0\u00bb \u279c Suivi de stage (1h). Vous pouvez ajuster vos pr\u00e9f\u00e9rences pour filtrer les choix qui vous seront propos\u00e9s, avant de passer \u00e0 l&rsquo;\u00e9tape 2. [&hellip;]","og_url":"https:\/\/cdui00.afpa-balma.fr\/portfolio-CDUI\/rendez-vous\/","og_site_name":"Formation CDUI","article_modified_time":"2023-08-29T09:30:07+00:00","og_image":[{"url":"https:\/\/cdui00.afpa-balma.fr\/portfolio-CDUI\/wp-content\/uploads\/2022\/11\/CP9.svg"}],"twitter_card":"summary_large_image","twitter_misc":{"Dur\u00e9e de lecture estim\u00e9e":"1 minute"},"schema":{"@context":"https:\/\/schema.org","@graph":[{"@type":"WebPage","@id":"https:\/\/cdui00.afpa-balma.fr\/portfolio-CDUI\/rendez-vous\/","url":"https:\/\/cdui00.afpa-balma.fr\/portfolio-CDUI\/rendez-vous\/","name":"Rendez-vous - Formation CDUI","isPartOf":{"@id":"https:\/\/cdui00.afpa-balma.fr\/portfolio-CDUI\/#website"},"datePublished":"2023-08-29T08:05:56+00:00","dateModified":"2023-08-29T09:30:07+00:00","breadcrumb":{"@id":"https:\/\/cdui00.afpa-balma.fr\/portfolio-CDUI\/rendez-vous\/#breadcrumb"},"inLanguage":"fr-FR","potentialAction":[{"@type":"ReadAction","target":["https:\/\/cdui00.afpa-balma.fr\/portfolio-CDUI\/rendez-vous\/"]}]},{"@type":"BreadcrumbList","@id":"https:\/\/cdui00.afpa-balma.fr\/portfolio-CDUI\/rendez-vous\/#breadcrumb","itemListElement":[{"@type":"ListItem","position":1,"name":"Accueil","item":"https:\/\/cdui00.afpa-balma.fr\/portfolio-CDUI\/"},{"@type":"ListItem","position":2,"name":"Rendez-vous"}]},{"@type":"WebSite","@id":"https:\/\/cdui00.afpa-balma.fr\/portfolio-CDUI\/#website","url":"https:\/\/cdui00.afpa-balma.fr\/portfolio-CDUI\/","name":"Formation CDUI","description":"Un site d&#039;exemple WordPress","publisher":{"@id":"https:\/\/cdui00.afpa-balma.fr\/portfolio-CDUI\/#organization"},"potentialAction":[{"@type":"SearchAction","target":{"@type":"EntryPoint","urlTemplate":"https:\/\/cdui00.afpa-balma.fr\/portfolio-CDUI\/?s={search_term_string}"},"query-input":"required name=search_term_string"}],"inLanguage":"fr-FR"},{"@type":"Organization","@id":"https:\/\/cdui00.afpa-balma.fr\/portfolio-CDUI\/#organization","name":"Formation CDUI","url":"https:\/\/cdui00.afpa-balma.fr\/portfolio-CDUI\/","logo":{"@type":"ImageObject","inLanguage":"fr-FR","@id":"https:\/\/cdui00.afpa-balma.fr\/portfolio-CDUI\/#\/schema\/logo\/image\/","url":"https:\/\/cdui00.afpa-balma.fr\/portfolio-CDUI\/wp-content\/uploads\/2022\/11\/Logo-CDUI.svg","contentUrl":"https:\/\/cdui00.afpa-balma.fr\/portfolio-CDUI\/wp-content\/uploads\/2022\/11\/Logo-CDUI.svg","width":283,"height":52,"caption":"Formation CDUI"},"image":{"@id":"https:\/\/cdui00.afpa-balma.fr\/portfolio-CDUI\/#\/schema\/logo\/image\/"}}]}},"_links":{"self":[{"href":"https:\/\/cdui00.afpa-balma.fr\/portfolio-CDUI\/wp-json\/wp\/v2\/pages\/1085","targetHints":{"allow":["GET"]}}],"collection":[{"href":"https:\/\/cdui00.afpa-balma.fr\/portfolio-CDUI\/wp-json\/wp\/v2\/pages"}],"about":[{"href":"https:\/\/cdui00.afpa-balma.fr\/portfolio-CDUI\/wp-json\/wp\/v2\/types\/page"}],"author":[{"embeddable":true,"href":"https:\/\/cdui00.afpa-balma.fr\/portfolio-CDUI\/wp-json\/wp\/v2\/users\/1"}],"replies":[{"embeddable":true,"href":"https:\/\/cdui00.afpa-balma.fr\/portfolio-CDUI\/wp-json\/wp\/v2\/comments?post=1085"}],"version-history":[{"count":20,"href":"https:\/\/cdui00.afpa-balma.fr\/portfolio-CDUI\/wp-json\/wp\/v2\/pages\/1085\/revisions"}],"predecessor-version":[{"id":1112,"href":"https:\/\/cdui00.afpa-balma.fr\/portfolio-CDUI\/wp-json\/wp\/v2\/pages\/1085\/revisions\/1112"}],"wp:attachment":[{"href":"https:\/\/cdui00.afpa-balma.fr\/portfolio-CDUI\/wp-json\/wp\/v2\/media?parent=1085"}],"curies":[{"name":"wp","href":"https:\/\/api.w.org\/{rel}","templated":true}]}}